{"id":8,"date":"2020-11-16T18:51:18","date_gmt":"2020-11-16T21:51:18","guid":{"rendered":"https:\/\/demo.themestation.net\/podcaster-import\/?page_id=8"},"modified":"2024-10-04T08:05:14","modified_gmt":"2024-10-04T11:05:14","slug":"home","status":"publish","type":"page","link":"https:\/\/donaediteaudiolivro.com.br\/","title":{"rendered":"Home"},"content":{"rendered":"\n<h2 class=\"wp-block-heading\">Bem vindes todes, todas e todos!<\/h2>\n\n\n\n<p>\u00c9 com imensa satisfa\u00e7\u00e3o que apresentamos \u00e0s pessoas ouvintes a Biblioteca do Audiolivro Dona Edite. Um espa\u00e7o de refer\u00eancia na literatura brasileira perif\u00e9rica para pessoas com defici\u00eancia visual.<\/p>\n\n\n\n<p>Essa \u00e9 uma iniciativa do coletivo Caramuja de Pesquisa, Mem\u00f3ria e Audiovisual e surge ap\u00f3s a produ\u00e7\u00e3o do document\u00e1rio &#8220;O olhar de Edite&#8221;, onde a partir da hist\u00f3ria da protagonista, constatamos que a maioria dos audiolivros dispon\u00edveis, na internet ou em espa\u00e7os de refer\u00eancia, n\u00e3o possuem produ\u00e7\u00f5es da literatura perif\u00e9rica e\/ou marginal em seus acervos.&nbsp;<\/p>\n\n\n\n<p>A vida de Edite Marques da Silva \u00e9 uma hist\u00f3ria de resist\u00eancia, de afeto e de paix\u00e3o pela literatura. Mulher negra com defici\u00eancia visual, migrante das Minas Gerais erradicada na periferia de S\u00e3o Paulo, tornou-se uma refer\u00eancia na poesia, recitando textos de grandes autores da literatura brasileira nos saraus, dos cl\u00e1ssicos aos escritores das quebradas. Com a ajuda de amigos e familiares, ela decorou Cora Coralina e S\u00e9rgio Vaz, M\u00e1rcio Batista e Castro Alves, usando apenas um walkman de fita K7.<\/p>\n\n\n\n<figure class=\"wp-block-gallery has-nested-images columns-default is-cropped wp-block-gallery-1 is-layout-flex wp-block-gallery-is-layout-flex\">\n<figure class=\"wp-block-image size-full\"><img loading=\"lazy\" decoding=\"async\" width=\"600\" height=\"337\" data-id=\"10276\" src=\"https:\/\/donaediteaudiolivro.com.br\/wp-content\/uploads\/2024\/10\/Home-2-Abaixo-do-texto.jpg\" alt=\"\" class=\"wp-image-10276\" srcset=\"https:\/\/donaediteaudiolivro.com.br\/wp-content\/uploads\/2024\/10\/Home-2-Abaixo-do-texto.jpg 600w, https:\/\/donaediteaudiolivro.com.br\/wp-content\/uploads\/2024\/10\/Home-2-Abaixo-do-texto-300x169.jpg 300w, https:\/\/donaediteaudiolivro.com.br\/wp-content\/uploads\/2024\/10\/Home-2-Abaixo-do-texto-500x281.jpg 500w\" sizes=\"(max-width: 600px) 100vw, 600px\" \/><\/figure>\n\n\n\n<figure class=\"wp-block-image size-large\"><img loading=\"lazy\" decoding=\"async\" width=\"1024\" height=\"683\" data-id=\"10277\" src=\"http:\/\/donaediteaudiolivro.com.br\/wp-content\/uploads\/2024\/10\/Home-3-Abaixo-do-texto-1024x683.jpg\" alt=\"\" class=\"wp-image-10277\" srcset=\"https:\/\/donaediteaudiolivro.com.br\/wp-content\/uploads\/2024\/10\/Home-3-Abaixo-do-texto-1024x683.jpg 1024w, https:\/\/donaediteaudiolivro.com.br\/wp-content\/uploads\/2024\/10\/Home-3-Abaixo-do-texto-300x200.jpg 300w, https:\/\/donaediteaudiolivro.com.br\/wp-content\/uploads\/2024\/10\/Home-3-Abaixo-do-texto-768x512.jpg 768w, https:\/\/donaediteaudiolivro.com.br\/wp-content\/uploads\/2024\/10\/Home-3-Abaixo-do-texto-1536x1024.jpg 1536w, https:\/\/donaediteaudiolivro.com.br\/wp-content\/uploads\/2024\/10\/Home-3-Abaixo-do-texto-720x480.jpg 720w, https:\/\/donaediteaudiolivro.com.br\/wp-content\/uploads\/2024\/10\/Home-3-Abaixo-do-texto-500x333.jpg 500w, https:\/\/donaediteaudiolivro.com.br\/wp-content\/uploads\/2024\/10\/Home-3-Abaixo-do-texto-1140x760.jpg 1140w, https:\/\/donaediteaudiolivro.com.br\/wp-content\/uploads\/2024\/10\/Home-3-Abaixo-do-texto.jpg 1680w\" sizes=\"(max-width: 1024px) 100vw, 1024px\" \/><\/figure>\n\n\n\n<figure class=\"wp-block-image size-large\"><img loading=\"lazy\" decoding=\"async\" width=\"1024\" height=\"719\" data-id=\"10278\" src=\"http:\/\/donaediteaudiolivro.com.br\/wp-content\/uploads\/2024\/10\/Home-4-Abaixo-do-texto-1024x719.jpg\" alt=\"\" class=\"wp-image-10278\" srcset=\"https:\/\/donaediteaudiolivro.com.br\/wp-content\/uploads\/2024\/10\/Home-4-Abaixo-do-texto-1024x719.jpg 1024w, https:\/\/donaediteaudiolivro.com.br\/wp-content\/uploads\/2024\/10\/Home-4-Abaixo-do-texto-300x211.jpg 300w, https:\/\/donaediteaudiolivro.com.br\/wp-content\/uploads\/2024\/10\/Home-4-Abaixo-do-texto-768x539.jpg 768w, https:\/\/donaediteaudiolivro.com.br\/wp-content\/uploads\/2024\/10\/Home-4-Abaixo-do-texto-500x351.jpg 500w, https:\/\/donaediteaudiolivro.com.br\/wp-content\/uploads\/2024\/10\/Home-4-Abaixo-do-texto-1140x800.jpg 1140w, https:\/\/donaediteaudiolivro.com.br\/wp-content\/uploads\/2024\/10\/Home-4-Abaixo-do-texto-684x480.jpg 684w, https:\/\/donaediteaudiolivro.com.br\/wp-content\/uploads\/2024\/10\/Home-4-Abaixo-do-texto.jpg 1440w\" sizes=\"(max-width: 1024px) 100vw, 1024px\" \/><\/figure>\n<\/figure>\n\n\n\n<hr class=\"wp-block-separator has-alpha-channel-opacity is-style-wide\"\/>\n\n\n\n<h1 class=\"wp-block-heading\">Acervo de Audiolivros<\/h1>\n","protected":false},"excerpt":{"rendered":"<p>Bem vindes todes, todas e todos! \u00c9 com imensa satisfa\u00e7\u00e3o que apresentamos \u00e0s pessoas ouvintes a Biblioteca do Audiolivro Dona Edite. Um espa\u00e7o de refer\u00eancia na literatura brasileira perif\u00e9rica para pessoas com defici\u00eancia visual. Essa&#8230;<\/p>\n","protected":false},"author":1,"featured_media":0,"parent":0,"menu_order":0,"comment_status":"closed","ping_status":"closed","template":"page\/page-frontpage.php","meta":{"_monsterinsights_skip_tracking":false,"_monsterinsights_sitenote_active":false,"_monsterinsights_sitenote_note":"","_monsterinsights_sitenote_category":0,"footnotes":""},"class_list":["post-8","page","type-page","status-publish","hentry"],"aioseo_notices":[],"_links":{"self":[{"href":"https:\/\/donaediteaudiolivro.com.br\/index.php?rest_route=\/wp\/v2\/pages\/8"}],"collection":[{"href":"https:\/\/donaediteaudiolivro.com.br\/index.php?rest_route=\/wp\/v2\/pages"}],"about":[{"href":"https:\/\/donaediteaudiolivro.com.br\/index.php?rest_route=\/wp\/v2\/types\/page"}],"author":[{"embeddable":true,"href":"https:\/\/donaediteaudiolivro.com.br\/index.php?rest_route=\/wp\/v2\/users\/1"}],"replies":[{"embeddable":true,"href":"https:\/\/donaediteaudiolivro.com.br\/index.php?rest_route=%2Fwp%2Fv2%2Fcomments&post=8"}],"version-history":[{"count":11,"href":"https:\/\/donaediteaudiolivro.com.br\/index.php?rest_route=\/wp\/v2\/pages\/8\/revisions"}],"predecessor-version":[{"id":10280,"href":"https:\/\/donaediteaudiolivro.com.br\/index.php?rest_route=\/wp\/v2\/pages\/8\/revisions\/10280"}],"wp:attachment":[{"href":"https:\/\/donaediteaudiolivro.com.br\/index.php?rest_route=%2Fwp%2Fv2%2Fmedia&parent=8"}],"curies":[{"name":"wp","href":"https:\/\/api.w.org\/{rel}","templated":true}]}}